{"id":2449,"date":"2025-12-24T17:47:59","date_gmt":"2025-12-24T22:47:59","guid":{"rendered":"https:\/\/camposcampos.com\/?page_id=2449"},"modified":"2026-04-27T17:43:26","modified_gmt":"2026-04-27T22:43:26","slug":"privacy-policy","status":"publish","type":"page","link":"https:\/\/camposcampos.com\/en\/privacy-policy\/","title":{"rendered":"Privacy Policy"},"content":{"rendered":"\t\t<div data-elementor-type=\"wp-page\" data-elementor-id=\"2449\" class=\"elementor elementor-2449\" data-elementor-post-type=\"page\">\n\t\t\t\t<div class=\"elementor-element elementor-element-dd8ab43 e-flex e-con-boxed e-con e-parent\" data-id=\"dd8ab43\" data-element_type=\"container\" data-e-type=\"container\">\n\t\t\t\t\t<div class=\"e-con-inner\">\n\t\t\t\t<div class=\"elementor-element elementor-element-4d5f2ae elementor-widget elementor-widget-slider_revolution\" data-id=\"4d5f2ae\" data-element_type=\"widget\" data-e-type=\"widget\" data-widget_type=\"slider_revolution.default\">\n\t\t\t\t<div class=\"elementor-widget-container\">\n\t\t\t\t\t\n\t\t<div class=\"wp-block-themepunch-revslider\">\n\t\t\t\t<p class=\"rs-p-wp-fix\"><\/p>\n\t\t\t\t<sr7-module data-alias=\"slider-new-1\" data-id=\"5\" id=\"SR7_5_1\" class=\"rs-ov-hidden\" data-version=\"6.7.29\">\n\t\t\t\t\t<sr7-adjuster><\/sr7-adjuster>\n\t\t\t\t\t<sr7-content>\n\t\t\t\t\t\t<sr7-slide id=\"SR7_5_1-13\" data-key=\"13\">\n\t\t\t\t\t\t\t<sr7-bg id=\"SR7_5_1-13-4\" class=\"sr7-layer\"><noscript><img data-recalc-dims=\"1\" decoding=\"async\" src=\"https:\/\/i0.wp.com\/camposcampos.com\/wp-content\/uploads\/2026\/02\/black-white-home-office-with-responsive-devices-builder-website-3d-rendering-scaled.jpg?w=800&#038;ssl=1\" alt=\"\" title=\"black and white responsive devices mockup responsive website bui\"><\/noscript><\/sr7-bg>\n\t\t\t\t\t\t\t<sr7-txt id=\"SR7_5_1-13-0\" class=\"sr7-layer\">Effective Graphic Communication that Delivers Results<\/sr7-txt>\n\t\t\t\t\t\t<\/sr7-slide>\n\t\t\t\t\t\t<sr7-slide id=\"SR7_5_1-14\" data-key=\"14\">\n\t\t\t\t\t\t<\/sr7-slide>\n\t\t\t\t\t<\/sr7-content>\n\t\t\t\t\t<image_lists style=\"display:none\">\n\t\t\t\t\t\t<img data-src=\"\/\/camposcampos.com\/wp-content\/uploads\/2026\/02\/black-white-home-office-with-responsive-devices-builder-website-3d-rendering-scaled.jpg\" data-libid=\"3376\" data-lib=\"medialibrary\" title=\"black and white responsive devices mockup responsive website bui\" width=\"0\" height=\"0\" data-dbsrc=\"Ly9jYW1wb3NjYW1wb3MuY29tL3dwLWNvbnRlbnQvdXBsb2Fkcy8yMDI2LzAyL2JsYWNrLXdoaXRlLWhvbWUtb2ZmaWNlLXdpdGgtcmVzcG9uc2l2ZS1kZXZpY2VzLWJ1aWxkZXItd2Vic2l0ZS0zZC1yZW5kZXJpbmctc2NhbGVkLmpwZw==\"\/>\n\t\t\t\t\t<\/image_lists>\n\t\t\t\t<\/sr7-module>\n\t\t\t\t<script>\n\t\t\t\t\tSR7.PMH ??={}; SR7.PMH[\"SR7_5_1\"] = {cn:100,state:false,fn: function() { if (_tpt!==undefined && _tpt.prepareModuleHeight !== undefined) {  _tpt.prepareModuleHeight({id:\"SR7_5_1\",el:[270,270,270,270,480],type:'standard',shdw:'0',gh:[270,270,270,270,480],gw:[1400,1400,1400,1400,480],vpt:['-100px&#039;,&#039;-100px&#039;,&#039;-100px&#039;,&#039;-100px&#039;,&#039;-100px'],size:{fullWidth:true, fullHeight:false},mh:'0',onh:0,onw:0,bg:{color:'{\"orig\":\"transparent\",\"type\":\"solid\",\"string\":\"transparent\"}'}});   SR7.PMH[\"SR7_5_1\"].state=true;} else if(SR7.PMH[\"SR7_5_1\"].cn-->0)\tsetTimeout( SR7.PMH[\"SR7_5_1\"].fn,19);}};SR7.PMH[\"SR7_5_1\" ].fn();\n\t\t\t\t<\/script>\n<\/div>\n\n\t\t\t\t\t\t<\/div>\n\t\t\t\t<\/div>\n\t\t\t\t<div class=\"elementor-element elementor-element-3c0f111 elementor-widget elementor-widget-heading\" data-id=\"3c0f111\" data-element_type=\"widget\" data-e-type=\"widget\" data-widget_type=\"heading.default\">\n\t\t\t\t<div class=\"elementor-widget-container\">\n\t\t\t\t\t<h1 class=\"elementor-heading-title elementor-size-default\">Pol\u00edtica de Privacidad <\/h1>\t\t\t\t<\/div>\n\t\t\t\t<\/div>\n\t\t\t\t\t<\/div>\n\t\t\t\t<\/div>\n\t\t<div class=\"elementor-element elementor-element-38efada e-flex e-con-boxed e-con e-parent\" data-id=\"38efada\" data-element_type=\"container\" data-e-type=\"container\">\n\t\t\t\t\t<div class=\"e-con-inner\">\n\t\t\t\t<div class=\"elementor-element elementor-element-2a12896 elementor-widget-divider--view-line elementor-widget elementor-widget-divider\" data-id=\"2a12896\" data-element_type=\"widget\" data-e-type=\"widget\" data-widget_type=\"divider.default\">\n\t\t\t\t<div class=\"elementor-widget-container\">\n\t\t\t\t\t\t\t<div class=\"elementor-divider\">\n\t\t\t<span class=\"elementor-divider-separator\">\n\t\t\t\t\t\t<\/span>\n\t\t<\/div>\n\t\t\t\t\t\t<\/div>\n\t\t\t\t<\/div>\n\t\t\t\t<div class=\"elementor-element elementor-element-f43380d elementor-widget elementor-widget-text-editor\" data-id=\"f43380d\" data-element_type=\"widget\" data-e-type=\"widget\" data-widget_type=\"text-editor.default\">\n\t\t\t\t<div class=\"elementor-widget-container\">\n\t\t\t\t\t\t\t\t\t<p style=\"text-align: justity;\" data-path-to-node=\"5\">Bienvenido a <b data-path-to-node=\"5\" data-index-in-node=\"13\">camposcampos.com<\/b>. A continuaci\u00f3n se describen los t\u00e9rminos de autor\u00eda, propiedad intelectual y uso de datos de este portafolio profesional.<\/p><h2 style=\"text-align: justify;\" data-path-to-node=\"6\">1. Autor\u00eda, Producci\u00f3n Creativa y Desarrollo<\/h2><p style=\"text-align: left;\" data-path-to-node=\"7\">Todo el material expuesto en este sitio web es el resultado de mi trabajo profesional y creativo.<\/p><ul style=\"text-align: justify;\" data-path-to-node=\"8\"><li><p data-path-to-node=\"8,0,0\"><b data-path-to-node=\"8,0,0\" data-index-in-node=\"0\">Producci\u00f3n Integral:<\/b> Declaro expl\u00edcitamente que <b data-path-to-node=\"8,0,0\" data-index-in-node=\"48\">todas las piezas gr\u00e1ficas, animaciones, interfaces y composiciones visuales<\/b> mostradas han sido <b data-path-to-node=\"8,0,0\" data-index-in-node=\"143\">concebidas, editadas, implementadas y animadas por m\u00ed<\/b>.<\/p><\/li><li><p data-path-to-node=\"8,1,0\"><b data-path-to-node=\"8,1,0\" data-index-in-node=\"0\">Proceso Creativo:<\/b> La ideaci\u00f3n, el montaje, la post-producci\u00f3n y el desarrollo de c\u00f3digo (tanto frontend como backend) para presentar estas obras son de mi exclusiva autor\u00eda intelectual y t\u00e9cnica. Estas piezas se exhiben con el \u00fanico fin de demostrar mis habilidades y la calidad de mi trabajo en dise\u00f1o y programaci\u00f3n.<\/p><\/li><li><p data-path-to-node=\"8,2,0\"><b data-path-to-node=\"8,2,0\" data-index-in-node=\"0\">Licencias de Recursos:<\/b> Los elementos base utilizados para la construcci\u00f3n de estas piezas (tales como frameworks, HTML, CSS, TEMPLATES PHP,\u00a0 tipograf\u00edas, m\u00fasica de fondo o fotograf\u00edas de stock) han sido adquiridos o utilizados bajo sus respectivas licencias legales permitidas.<\/p><\/li><\/ul><h2 style=\"text-align: left;\" data-path-to-node=\"9\">2. Derechos sobre Marcas y Logotipos de Terceros<\/h2><p style=\"text-align: left;\" data-path-to-node=\"10\">En el desarrollo de las piezas gr\u00e1ficas expuestas, pueden aparecer logotipos, isologos o nombres comerciales de diversas empresas o entidades. Respecto a ellos, se establece lo siguiente:<\/p><ul style=\"text-align: left;\" data-path-to-node=\"11\"><li><p data-path-to-node=\"11,0,0\"><b data-path-to-node=\"11,0,0\" data-index-in-node=\"0\">Propiedad de las Marcas:<\/b> Se reconoce expresamente que <b data-path-to-node=\"11,0,0\" data-index-in-node=\"54\">cada marca, logotipo y nombre comercial pertenece a su respectivo due\u00f1o y titular legal<\/b>.<\/p><\/li><li><p data-path-to-node=\"11,1,0\"><b data-path-to-node=\"11,1,0\" data-index-in-node=\"0\">No Apropiaci\u00f3n:<\/b> En ning\u00fan caso busco apropiarme de la identidad corporativa de terceros. El uso de estos distintivos dentro de mis dise\u00f1os es estrictamente <b data-path-to-node=\"11,1,0\" data-index-in-node=\"156\">demostrativo y art\u00edstico<\/b>, sirviendo como contexto para las piezas gr\u00e1ficas, animaciones o prototipos de interfaz que he creado.<\/p><\/li><li><p data-path-to-node=\"11,2,0\"><b data-path-to-node=\"11,2,0\" data-index-in-node=\"0\">Delimitaci\u00f3n:<\/b> Mi autor\u00eda se reclama sobre la <b data-path-to-node=\"11,2,0\" data-index-in-node=\"45\">creaci\u00f3n art\u00edstica, la composici\u00f3n visual y el c\u00f3digo<\/b>, pero no sobre la marca registrada que pueda estar contenida dentro de dicha composici\u00f3n.<\/p><\/li><\/ul><h2 style=\"text-align: left;\" data-path-to-node=\"12\">3. Uso de la Informaci\u00f3n (Privacidad)<\/h2><p style=\"text-align: left;\" data-path-to-node=\"13\">Este sitio web respeta la privacidad de sus visitantes.<\/p><ul style=\"text-align: left;\" data-path-to-node=\"14\"><li><p data-path-to-node=\"14,0,0\"><b data-path-to-node=\"14,0,0\" data-index-in-node=\"0\">Datos de Contacto:<\/b> Si usted proporciona datos (como nombre o correo electr\u00f3nico) a trav\u00e9s de formularios de contacto, estos ser\u00e1n utilizados \u00fanica y exclusivamente para fines de comunicaci\u00f3n profesional.<\/p><\/li><li><p data-path-to-node=\"14,1,0\"><b data-path-to-node=\"14,1,0\" data-index-in-node=\"0\">Confidencialidad:<\/b> Sus datos no ser\u00e1n compartidos, vendidos ni cedidos a terceros bajo ninguna circunstancia.<\/p><\/li><\/ul><h2 style=\"text-align: left;\" data-path-to-node=\"15\">4. Contacto y Reclamos<\/h2><p style=\"text-align: left;\" data-path-to-node=\"16\">Si usted es el titular de alguna de las marcas mostradas y considera que el uso de la misma en mis piezas gr\u00e1ficas de muestra no es adecuado, por favor cont\u00e1cteme para proceder al retiro inmediato del material o a la modificaci\u00f3n de los cr\u00e9ditos.<\/p><ul data-path-to-node=\"17\"><li style=\"text-align: left;\"><p data-path-to-node=\"17,0,0\"><b data-path-to-node=\"17,0,0\" data-index-in-node=\"0\">Correo Electr\u00f3nico:<\/b> info@camposcampos.com<\/p><\/li><li><p style=\"text-align: justify;\" data-path-to-node=\"17,1,0\"><b data-path-to-node=\"17,1,0\" data-index-in-node=\"0\">Sitio Web:<\/b> www.camposcampos.com<\/p><\/li><\/ul><p><b data-path-to-node=\"4\" data-index-in-node=\"0\">\u00daltima actualizaci\u00f3n:<\/b> 12\/26\/2025<\/p>\t\t\t\t\t\t\t\t<\/div>\n\t\t\t\t<\/div>\n\t\t\t\t<div class=\"elementor-element elementor-element-7a5b4aa elementor-widget-divider--view-line elementor-widget elementor-widget-divider\" data-id=\"7a5b4aa\" data-element_type=\"widget\" data-e-type=\"widget\" data-widget_type=\"divider.default\">\n\t\t\t\t<div class=\"elementor-widget-container\">\n\t\t\t\t\t\t\t<div class=\"elementor-divider\">\n\t\t\t<span class=\"elementor-divider-separator\">\n\t\t\t\t\t\t<\/span>\n\t\t<\/div>\n\t\t\t\t\t\t<\/div>\n\t\t\t\t<\/div>\n\t\t\t\t\t<\/div>\n\t\t\t\t<\/div>\n\t\t\t\t<\/div>\n\t\t","protected":false},"excerpt":{"rendered":"<p>Pol\u00edtica de Privacidad Bienvenido a camposcampos.com. A continuaci\u00f3n se describen los t\u00e9rminos de autor\u00eda, propiedad intelectual y uso de datos de este portafolio profesional. 1. Autor\u00eda, Producci\u00f3n Creativa y Desarrollo Todo el material expuesto en este sitio web es el resultado de mi trabajo profesional y creativo. Producci\u00f3n Integral: Declaro expl\u00edcitamente que todas las piezas [&hellip;]<\/p>\n","protected":false},"author":1,"featured_media":0,"parent":0,"menu_order":0,"comment_status":"closed","ping_status":"closed","template":"","meta":{"footnotes":""},"class_list":["post-2449","page","type-page","status-publish","hentry"],"aioseo_notices":[],"jetpack_sharing_enabled":true,"_links":{"self":[{"href":"https:\/\/camposcampos.com\/en\/wp-json\/wp\/v2\/pages\/2449","targetHints":{"allow":["GET"]}}],"collection":[{"href":"https:\/\/camposcampos.com\/en\/wp-json\/wp\/v2\/pages"}],"about":[{"href":"https:\/\/camposcampos.com\/en\/wp-json\/wp\/v2\/types\/page"}],"author":[{"embeddable":true,"href":"https:\/\/camposcampos.com\/en\/wp-json\/wp\/v2\/users\/1"}],"replies":[{"embeddable":true,"href":"https:\/\/camposcampos.com\/en\/wp-json\/wp\/v2\/comments?post=2449"}],"version-history":[{"count":50,"href":"https:\/\/camposcampos.com\/en\/wp-json\/wp\/v2\/pages\/2449\/revisions"}],"predecessor-version":[{"id":3940,"href":"https:\/\/camposcampos.com\/en\/wp-json\/wp\/v2\/pages\/2449\/revisions\/3940"}],"wp:attachment":[{"href":"https:\/\/camposcampos.com\/en\/wp-json\/wp\/v2\/media?parent=2449"}],"curies":[{"name":"wp","href":"https:\/\/api.w.org\/{rel}","templated":true}]}}